{"id":882,"date":"2018-02-06T09:28:22","date_gmt":"2018-02-06T09:28:22","guid":{"rendered":"http:\/\/klippe.mikado-themes.com\/?page_id=882"},"modified":"2024-07-25T08:11:24","modified_gmt":"2024-07-25T08:11:24","slug":"about-me","status":"publish","type":"page","link":"https:\/\/www.discoverslovakia.bike\/sk\/about-me\/","title":{"rendered":"O Mne"},"content":{"rendered":"<section class=\"wpb-content-wrapper\"><div class=\"vc_row wpb_row vc_row-fluid\" ><div class=\"wpb_column vc_column_container vc_col-sm-12\"><div class=\"vc_column-inner\"><div class=\"wpb_wrapper\">\n\t\t\t<!-- START AboutMe REVOLUTION SLIDER 6.6.14 --><p class=\"rs-p-wp-fix\"><\/p>\n\t\t\t<rs-module-wrap id=\"rev_slider_1_1_wrapper\" data-source=\"gallery\" style=\"visibility:hidden;background:transparent;padding:0;margin:0px auto;margin-top:0;margin-bottom:0;\">\n\t\t\t\t<rs-module id=\"rev_slider_1_1\" style=\"\" data-version=\"6.6.14\">\n\t\t\t\t\t<rs-slides style=\"overflow: hidden; position: absolute;\">\n\t\t\t\t\t\t<rs-slide style=\"position: absolute;\" data-key=\"rs-1\" data-title=\"Slide\" data-in=\"o:0;\" data-out=\"a:false;\">\n\t\t\t\t\t\t\t<img decoding=\"async\" src=\"\/\/www.discoverslovakia.bike\/wp-content\/plugins\/revslider\/public\/assets\/assets\/dummy.png\" alt=\"\" title=\"Heno_Kojsa\" width=\"1920\" height=\"499\" class=\"rev-slidebg tp-rs-img rs-lazyload\" data-lazyload=\"\/\/www.discoverslovakia.bike\/wp-content\/uploads\/2024\/07\/Heno_Kojsa-e1720641139838.jpg\" data-parallax=\"7\" data-no-retina>\n<!--\n\t\t\t\t\t\t\t--><rs-layer\n\t\t\t\t\t\t\t\tid=\"slider-1-slide-1-layer-1\" \n\t\t\t\t\t\t\t\tdata-type=\"text\"\n\t\t\t\t\t\t\t\tdata-xy=\"xo:0,0,31px,5px;yo:155px,130px,152px,24px;\"\n\t\t\t\t\t\t\t\tdata-text=\"s:70,70,60,50;l:22,22,60,50;ls:-3px;fw:800;a:inherit;\"\n\t\t\t\t\t\t\t\tdata-rsp_bd=\"off\"\n\t\t\t\t\t\t\t\tdata-frame_0=\"x:120%;o:1;\"\n\t\t\t\t\t\t\t\tdata-frame_1=\"e:power2.out;st:100;sp:500;sR:100;\"\n\t\t\t\t\t\t\t\tdata-frame_999=\"o:0;st:w;sR:2400;\"\n\t\t\t\t\t\t\t\tstyle=\"z-index:5;font-family:'Open Sans';text-transform:uppercase;font-style:italic;\"\n\t\t\t\t\t\t\t>Ahoj! \n\t\t\t\t\t\t\t<\/rs-layer><!--\n\n\t\t\t\t\t\t\t--><rs-layer\n\t\t\t\t\t\t\t\tid=\"slider-1-slide-1-layer-2\" \n\t\t\t\t\t\t\t\tdata-type=\"text\"\n\t\t\t\t\t\t\t\tdata-xy=\"xo:0,0,31px,5px;yo:213px,188px,217px,74px;\"\n\t\t\t\t\t\t\t\tdata-text=\"w:nowrap,nowrap,nowrap,normal;s:70,70,60,50;l:70,70,60,50;ls:-3px;fw:800;a:inherit;\"\n\t\t\t\t\t\t\t\tdata-dim=\"w:auto,auto,auto,271px;\"\n\t\t\t\t\t\t\t\tdata-rsp_bd=\"off\"\n\t\t\t\t\t\t\t\tdata-frame_0=\"x:120%;o:1;\"\n\t\t\t\t\t\t\t\tdata-frame_1=\"e:power2.out;st:300;sp:500;sR:300;\"\n\t\t\t\t\t\t\t\tdata-frame_999=\"o:0;st:w;sR:2200;\"\n\t\t\t\t\t\t\t\tstyle=\"z-index:6;font-family:'Open Sans';text-transform:uppercase;font-style:italic;\"\n\t\t\t\t\t\t\t>Som Henrich  \n\t\t\t\t\t\t\t<\/rs-layer><!--\n\n\t\t\t\t\t\t\t--><rs-layer\n\t\t\t\t\t\t\t\tid=\"slider-1-slide-1-layer-3\" \n\t\t\t\t\t\t\t\tdata-type=\"text\"\n\t\t\t\t\t\t\t\tdata-xy=\"xo:0,0,32px,5px;yo:319px,294px,281px,174px;\"\n\t\t\t\t\t\t\t\tdata-text=\"w:nowrap,nowrap,nowrap,normal;s:70,70,60,50;l:22,22,60,50;ls:-3px;fw:800;a:inherit;\"\n\t\t\t\t\t\t\t\tdata-dim=\"w:auto,auto,auto,298px;\"\n\t\t\t\t\t\t\t\tdata-rsp_bd=\"off\"\n\t\t\t\t\t\t\t\tdata-frame_0=\"x:120%;o:1;\"\n\t\t\t\t\t\t\t\tdata-frame_1=\"e:power2.out;st:500;sp:500;sR:500;\"\n\t\t\t\t\t\t\t\tdata-frame_999=\"o:0;st:w;sR:2000;\"\n\t\t\t\t\t\t\t\tstyle=\"z-index:7;font-family:'Open Sans';text-transform:uppercase;font-style:italic;\"\n\t\t\t\t\t\t\t>a r\u00e1d bicyklujem\n \n\t\t\t\t\t\t\t<\/rs-layer><!--\n-->\t\t\t\t\t\t<\/rs-slide>\n\t\t\t\t\t<\/rs-slides>\n\t\t\t\t<\/rs-module>\n\t\t\t\t<script>\n\t\t\t\t\tsetREVStartSize({c: 'rev_slider_1_1',rl:[1240,1024,778,480],el:[499.987,450,500,300],gw:[1300,1100,800,300],gh:[500,450,500,300],type:'standard',justify:'',layout:'fullwidth',mh:\"0\"});if (window.RS_MODULES!==undefined && window.RS_MODULES.modules!==undefined && window.RS_MODULES.modules[\"revslider11\"]!==undefined) {window.RS_MODULES.modules[\"revslider11\"].once = false;window.revapi1 = undefined;if (window.RS_MODULES.checkMinimal!==undefined) window.RS_MODULES.checkMinimal()}\n\t\t\t\t<\/script>\n\t\t\t<\/rs-module-wrap>\n\t\t\t<!-- END REVOLUTION SLIDER -->\n<\/div><\/div><\/div><\/div><div class=\"mkdf-row-grid-section-wrapper\"  ><div class=\"mkdf-row-grid-section\"><div class=\"vc_row wpb_row vc_row-fluid vc_custom_1517919154668\" ><div class=\"wpb_column vc_column_container vc_col-sm-12\"><div class=\"vc_column-inner\"><div class=\"wpb_wrapper\"><div class=\"mkdf-elements-holder   mkdf-one-column  mkdf-responsive-mode-768\" ><div class=\"mkdf-eh-item\"  data-item-class=\"mkdf-eh-custom-8111\" data-1280-1600=\"0 19%\" data-1024-1280=\"0 19%\" data-768-1024=\"0 6%\" data-680-768=\"0 0%\" data-680=\"0 0\">\n\t<div class=\"mkdf-eh-item-inner\">\n\t\t<div class=\"mkdf-eh-item-content mkdf-eh-custom-8111\" style=\"padding: 0 24%\">\n\t\t\t<div class=\"mkdf-section-title-holder  mkdf-st-standard\" >\n\t<div class=\"mkdf-st-inner\">\n\t\t\t\t\t<h2 class=\"mkdf-st-title\" >\n\t\t\t\tmoje jazdy\t\t\t<\/h2>\n\t\t\t\t\t\t\t<div class=\"mkdf-separator-holder clearfix\">\n\t\t\t\t<div class=\"mkdf-separator\" ><\/div>\n\t\t\t<\/div>\n\t\t\t\t\t\t\t<p class=\"mkdf-st-text\" >\n\t\t\t\tPresk\u00famaj so mnou to najlep\u0161ie zo Slovenska na bicykli.\t\t\t<\/p>\n\t\t\t<\/div>\n<\/div>\t\t<\/div>\n\t<\/div>\n<\/div><\/div><\/div><\/div><\/div><\/div><\/div><\/div><div class=\"vc_row wpb_row vc_row-fluid\" ><div class=\"wpb_column vc_column_container vc_col-sm-12\"><div class=\"vc_column-inner\"><div class=\"wpb_wrapper\"><div class=\"mkdf-image-gallery  mkdf-ig-masonry-type mkdf-no-space\">\n\t<div class=\"mkdf-ig-inner mkdf-outer-space mkdf-ig-masonry mkdf-ig-four-columns\">\n\t\t<div class=\"mkdf-ig-grid-sizer\"><\/div>\n\t\t<div class=\"mkdf-ig-grid-gutter\"><\/div>\n\t\t\t\t\t\t\t\t<div class=\"mkdf-ig-image mkdf-item-space mkdf-default-masonry-item\">\n\t\t\t\t<div class=\"mkdf-ig-image-inner\">\n\t\t\t\t\t\t\t\t\t\t\t<img loading=\"lazy\" decoding=\"async\" width=\"600\" height=\"600\" src=\"https:\/\/www.discoverslovakia.bike\/wp-content\/uploads\/2024\/07\/Heno_zima_tatry1-scaled-e1720782548945.jpg\" class=\"attachment-full size-full\" alt=\"\" srcset=\"https:\/\/www.discoverslovakia.bike\/wp-content\/uploads\/2024\/07\/Heno_zima_tatry1-scaled-e1720782548945.jpg 600w, https:\/\/www.discoverslovakia.bike\/wp-content\/uploads\/2024\/07\/Heno_zima_tatry1-scaled-e1720782548945-300x300.jpg 300w, https:\/\/www.discoverslovakia.bike\/wp-content\/uploads\/2024\/07\/Heno_zima_tatry1-scaled-e1720782548945-150x150.jpg 150w, https:\/\/www.discoverslovakia.bike\/wp-content\/uploads\/2024\/07\/Heno_zima_tatry1-scaled-e1720782548945-550x550.jpg 550w, https:\/\/www.discoverslovakia.bike\/wp-content\/uploads\/2024\/07\/Heno_zima_tatry1-scaled-e1720782548945-100x100.jpg 100w\" sizes=\"auto, (max-width: 600px) 100vw, 600px\" \/>\t\t\t\t\t\t\t\t\t<\/div>\n\t\t\t<\/div>\n\t\t\t\t\t\t\t\t<div class=\"mkdf-ig-image mkdf-item-space mkdf-default-masonry-item\">\n\t\t\t\t<div class=\"mkdf-ig-image-inner\">\n\t\t\t\t\t\t\t\t\t\t\t<img loading=\"lazy\" decoding=\"async\" width=\"1200\" height=\"1200\" src=\"https:\/\/www.discoverslovakia.bike\/wp-content\/uploads\/2024\/07\/cyklisti_priroda1-scaled-e1720782186702.jpg\" class=\"attachment-full size-full\" alt=\"\" srcset=\"https:\/\/www.discoverslovakia.bike\/wp-content\/uploads\/2024\/07\/cyklisti_priroda1-scaled-e1720782186702.jpg 1200w, https:\/\/www.discoverslovakia.bike\/wp-content\/uploads\/2024\/07\/cyklisti_priroda1-scaled-e1720782186702-300x300.jpg 300w, https:\/\/www.discoverslovakia.bike\/wp-content\/uploads\/2024\/07\/cyklisti_priroda1-scaled-e1720782186702-1024x1024.jpg 1024w, https:\/\/www.discoverslovakia.bike\/wp-content\/uploads\/2024\/07\/cyklisti_priroda1-scaled-e1720782186702-150x150.jpg 150w, https:\/\/www.discoverslovakia.bike\/wp-content\/uploads\/2024\/07\/cyklisti_priroda1-scaled-e1720782186702-768x768.jpg 768w, https:\/\/www.discoverslovakia.bike\/wp-content\/uploads\/2024\/07\/cyklisti_priroda1-scaled-e1720782186702-550x550.jpg 550w, https:\/\/www.discoverslovakia.bike\/wp-content\/uploads\/2024\/07\/cyklisti_priroda1-scaled-e1720782186702-1100x1100.jpg 1100w, https:\/\/www.discoverslovakia.bike\/wp-content\/uploads\/2024\/07\/cyklisti_priroda1-scaled-e1720782186702-600x600.jpg 600w, https:\/\/www.discoverslovakia.bike\/wp-content\/uploads\/2024\/07\/cyklisti_priroda1-scaled-e1720782186702-100x100.jpg 100w\" sizes=\"auto, (max-width: 1200px) 100vw, 1200px\" \/>\t\t\t\t\t\t\t\t\t<\/div>\n\t\t\t<\/div>\n\t\t\t\t\t\t\t\t<div class=\"mkdf-ig-image mkdf-item-space mkdf-default-masonry-item\">\n\t\t\t\t<div class=\"mkdf-ig-image-inner\">\n\t\t\t\t\t\t\t\t\t\t\t<img loading=\"lazy\" decoding=\"async\" width=\"599\" height=\"599\" src=\"https:\/\/www.discoverslovakia.bike\/wp-content\/uploads\/2024\/07\/robo_heno_zima-scaled-e1720861403334.jpg\" class=\"attachment-full size-full\" alt=\"\" srcset=\"https:\/\/www.discoverslovakia.bike\/wp-content\/uploads\/2024\/07\/robo_heno_zima-scaled-e1720861403334.jpg 599w, https:\/\/www.discoverslovakia.bike\/wp-content\/uploads\/2024\/07\/robo_heno_zima-scaled-e1720861403334-300x300.jpg 300w, https:\/\/www.discoverslovakia.bike\/wp-content\/uploads\/2024\/07\/robo_heno_zima-scaled-e1720861403334-150x150.jpg 150w, https:\/\/www.discoverslovakia.bike\/wp-content\/uploads\/2024\/07\/robo_heno_zima-scaled-e1720861403334-550x550.jpg 550w, https:\/\/www.discoverslovakia.bike\/wp-content\/uploads\/2024\/07\/robo_heno_zima-scaled-e1720861403334-100x100.jpg 100w\" sizes=\"auto, (max-width: 599px) 100vw, 599px\" \/>\t\t\t\t\t\t\t\t\t<\/div>\n\t\t\t<\/div>\n\t\t\t\t\t\t\t\t<div class=\"mkdf-ig-image mkdf-item-space mkdf-default-masonry-item\">\n\t\t\t\t<div class=\"mkdf-ig-image-inner\">\n\t\t\t\t\t\t\t\t\t\t\t<img loading=\"lazy\" decoding=\"async\" width=\"599\" height=\"599\" src=\"https:\/\/www.discoverslovakia.bike\/wp-content\/uploads\/2024\/07\/Heno_bezec-e1720876427748.jpg\" class=\"attachment-full size-full\" alt=\"\" srcset=\"https:\/\/www.discoverslovakia.bike\/wp-content\/uploads\/2024\/07\/Heno_bezec-e1720876427748.jpg 599w, https:\/\/www.discoverslovakia.bike\/wp-content\/uploads\/2024\/07\/Heno_bezec-e1720876427748-300x300.jpg 300w, https:\/\/www.discoverslovakia.bike\/wp-content\/uploads\/2024\/07\/Heno_bezec-e1720876427748-150x150.jpg 150w, https:\/\/www.discoverslovakia.bike\/wp-content\/uploads\/2024\/07\/Heno_bezec-e1720876427748-550x550.jpg 550w, https:\/\/www.discoverslovakia.bike\/wp-content\/uploads\/2024\/07\/Heno_bezec-e1720876427748-100x100.jpg 100w\" sizes=\"auto, (max-width: 599px) 100vw, 599px\" \/>\t\t\t\t\t\t\t\t\t<\/div>\n\t\t\t<\/div>\n\t\t\t<\/div>\n<\/div><\/div><\/div><\/div><\/div><div class=\"mkdf-row-grid-section-wrapper\"  ><div class=\"mkdf-row-grid-section\"><div class=\"vc_row wpb_row vc_row-fluid vc_custom_1518018286969\" ><div class=\"wpb_column vc_column_container vc_col-sm-12\"><div class=\"vc_column-inner\"><div class=\"wpb_wrapper\"><div class=\"mkdf-elements-holder   mkdf-one-column  mkdf-responsive-mode-768\" ><div class=\"mkdf-eh-item\"  data-item-class=\"mkdf-eh-custom-2326\" data-1280-1600=\"0 19%\" data-1024-1280=\"0 19%\" data-768-1024=\"0 6%\" data-680-768=\"0 0%\" data-680=\"0 0\">\n\t<div class=\"mkdf-eh-item-inner\">\n\t\t<div class=\"mkdf-eh-item-content mkdf-eh-custom-2326\" style=\"padding: 0 24%\">\n\t\t\t<div class=\"mkdf-section-title-holder  mkdf-st-standard\" >\n\t<div class=\"mkdf-st-inner\">\n\t\t\t\t\t<h2 class=\"mkdf-st-title\" >\n\t\t\t\tm\u00f4j posledn\u00fd pr\u00edspevok\t\t\t<\/h2>\n\t\t\t\t\t\t\t<div class=\"mkdf-separator-holder clearfix\">\n\t\t\t\t<div class=\"mkdf-separator\" ><\/div>\n\t\t\t<\/div>\n\t\t\t\t\t\t\t<p class=\"mkdf-st-text\" >\n\t\t\t\tzatia\u013e nem\u00e1m pr\u00edspevok ;-)\t\t\t<\/p>\n\t\t\t<\/div>\n<\/div>\t\t<\/div>\n\t<\/div>\n<\/div><\/div><\/div><\/div><\/div><\/div><\/div><\/div><div class=\"mkdf-row-grid-section-wrapper mkdf-parallax-row-holder mkdf-content-aligment-left\" data-parallax-bg-image=\"https:\/\/www.discoverslovakia.bike\/wp-content\/uploads\/2018\/02\/H1-background-img-2b.jpg\" data-parallax-bg-speed=\"1\" style=\"background-color:#dbfc00\"><div class=\"mkdf-row-grid-section\"><div class=\"vc_row wpb_row vc_row-fluid vc_custom_1519982345361\" ><div class=\"wpb_column vc_column_container vc_col-sm-12\"><div class=\"vc_column-inner\"><div class=\"wpb_wrapper\"><div class=\"mkdf-elements-holder   mkdf-one-column  mkdf-responsive-mode-768\" ><div class=\"mkdf-eh-item\"  data-item-class=\"mkdf-eh-custom-6633\" data-1280-1600=\"0 61% 34px 0\" data-1024-1280=\"0 61% 34px 0\" data-768-1024=\"0 45% 34px 0\" data-680-768=\"0 29% 34px 0\" data-680=\"0 0 34px 0\">\n\t<div class=\"mkdf-eh-item-inner\">\n\t\t<div class=\"mkdf-eh-item-content mkdf-eh-custom-6633\" style=\"padding: 0 67% 34px 0\">\n\t\t\t<div class=\"mkdf-section-title-holder  mkdf-st-standard\" style=\"text-align: left\">\n\t<div class=\"mkdf-st-inner\">\n\t\t\t\t\t<h3 class=\"mkdf-st-title\" >\n\t\t\t\tSign Up For Newsletter\t\t\t<\/h3>\n\t\t\t\t\t\t\t<div class=\"mkdf-separator-holder clearfix\">\n\t\t\t\t<div class=\"mkdf-separator\" style=\"border-color: #000000\"><\/div>\n\t\t\t<\/div>\n\t\t\t\t\t\t\t<p class=\"mkdf-st-text\" >\n\t\t\t\tFind perfect destination.\t\t\t<\/p>\n\t\t\t<\/div>\n<\/div>\t\t<\/div>\n\t<\/div>\n<\/div><\/div><div class=\"mkdf-elements-holder   mkdf-one-column  mkdf-responsive-mode-768\" ><div class=\"mkdf-eh-item\"  data-item-class=\"mkdf-eh-custom-2369\" data-1280-1600=\"0 40% 0 0\" data-1024-1280=\"0 40% 0 0\" data-768-1024=\"0 103px 0 0\" data-680-768=\"0 0 0 0\" data-680=\"0 0 0 0\">\n\t<div class=\"mkdf-eh-item-inner\">\n\t\t<div class=\"mkdf-eh-item-content mkdf-eh-custom-2369\" style=\"padding: 0 49% 0 0\">\n\t\t\t\n<div class=\"wpcf7 no-js\" id=\"wpcf7-f360-o1\" lang=\"en-US\" dir=\"ltr\">\n<div class=\"screen-reader-response\"><p role=\"status\" aria-live=\"polite\" aria-atomic=\"true\"><\/p> <ul><\/ul><\/div>\n<form action=\"\/sk\/wp-json\/wp\/v2\/pages\/882#wpcf7-f360-o1\" method=\"post\" class=\"wpcf7-form init\" aria-label=\"Contact form\" novalidate=\"novalidate\" data-status=\"init\" data-trp-original-action=\"\/sk\/wp-json\/wp\/v2\/pages\/882#wpcf7-f360-o1\">\n<div style=\"display: none;\">\n<input type=\"hidden\" name=\"_wpcf7\" value=\"360\" \/>\n<input type=\"hidden\" name=\"_wpcf7_version\" value=\"5.9.7\" \/>\n<input type=\"hidden\" name=\"_wpcf7_locale\" value=\"en_US\" \/>\n<input type=\"hidden\" name=\"_wpcf7_unit_tag\" value=\"wpcf7-f360-o1\" \/>\n<input type=\"hidden\" name=\"_wpcf7_container_post\" value=\"0\" \/>\n<input type=\"hidden\" name=\"_wpcf7_posted_data_hash\" value=\"\" \/>\n<\/div>\n<div class=\"newsletter\">\n\t<p><span class=\"wpcf7-form-control-wrap\" data-name=\"your-email\"><input size=\"40\" maxlength=\"400\" class=\"wpcf7-form-control wpcf7-email wpcf7-validates-as-required wpcf7-text wpcf7-validates-as-email\" aria-required=\"true\" aria-invalid=\"false\" value=\"\" type=\"email\" name=\"your-email\" \/><\/span>\n\t<\/p>\n\t<div class=\"mkdf-btn-wrapper mkdf-btn-wrapper-nl\">\n\t\t<div class=\"mkdf-btn mkdf-btn-solid mkdf-btn-hover-animation\">\n\t\t\t<p><input class=\"wpcf7-form-control wpcf7-submit has-spinner\" type=\"submit\" value=\"SUBSCRIBE\" \/><br \/>\n<span class=\"mkdf-btn-hover-line\"><\/span>\n\t\t\t<\/p>\n\t\t<\/div>\n\t<\/div>\n<\/div><p style=\"display: none !important;\" class=\"akismet-fields-container\" data-prefix=\"_wpcf7_ak_\"><label>&#916;<textarea name=\"_wpcf7_ak_hp_textarea\" cols=\"45\" rows=\"8\" maxlength=\"100\"><\/textarea><\/label><input type=\"hidden\" id=\"ak_js_1\" name=\"_wpcf7_ak_js\" value=\"77\"\/><script>document.getElementById( \"ak_js_1\" ).setAttribute( \"value\", ( new Date() ).getTime() );<\/script><\/p><div class=\"wpcf7-response-output\" aria-hidden=\"true\"><\/div>\n<input type=\"hidden\" name=\"trp-form-language\" value=\"sk\"\/><\/form>\n<\/div>\n\t\t<\/div>\n\t<\/div>\n<\/div><\/div><\/div><\/div><\/div><\/div><\/div><\/div>\n<\/section>","protected":false},"excerpt":{"rendered":"Hello! I\u2019m Henrich, a bicycle rider. my rides Explore the best of Slovakia by bike with me. my latest blog post I don't have any blog yet Sign Up For Newsletter Find perfect destination. &#916;","protected":false},"author":3,"featured_media":0,"parent":0,"menu_order":0,"comment_status":"closed","ping_status":"closed","template":"full-width.php","meta":{"footnotes":""},"class_list":["post-882","page","type-page","status-publish","hentry"],"_links":{"self":[{"href":"https:\/\/www.discoverslovakia.bike\/sk\/wp-json\/wp\/v2\/pages\/882","targetHints":{"allow":["GET"]}}],"collection":[{"href":"https:\/\/www.discoverslovakia.bike\/sk\/wp-json\/wp\/v2\/pages"}],"about":[{"href":"https:\/\/www.discoverslovakia.bike\/sk\/wp-json\/wp\/v2\/types\/page"}],"author":[{"embeddable":true,"href":"https:\/\/www.discoverslovakia.bike\/sk\/wp-json\/wp\/v2\/users\/3"}],"replies":[{"embeddable":true,"href":"https:\/\/www.discoverslovakia.bike\/sk\/wp-json\/wp\/v2\/comments?post=882"}],"version-history":[{"count":9,"href":"https:\/\/www.discoverslovakia.bike\/sk\/wp-json\/wp\/v2\/pages\/882\/revisions"}],"predecessor-version":[{"id":3073,"href":"https:\/\/www.discoverslovakia.bike\/sk\/wp-json\/wp\/v2\/pages\/882\/revisions\/3073"}],"wp:attachment":[{"href":"https:\/\/www.discoverslovakia.bike\/sk\/wp-json\/wp\/v2\/media?parent=882"}],"curies":[{"name":"wp","href":"https:\/\/api.w.org\/{rel}","templated":true}]}}