{"id":20,"date":"2024-07-10T08:44:18","date_gmt":"2024-07-10T08:44:18","guid":{"rendered":"https:\/\/www.discoverslovakia.bike\/?page_id=20"},"modified":"2024-07-10T08:44:18","modified_gmt":"2024-07-10T08:44:18","slug":"kosik","status":"publish","type":"page","link":"https:\/\/www.discoverslovakia.bike\/en_gb\/kosik\/","title":{"rendered":"Ko\u0161\u00edk"},"content":{"rendered":"<div data-block-name=\"woocommerce\/cart\" class=\"wp-block-woocommerce-cart alignwide is-loading\"><div data-block-name=\"woocommerce\/filled-cart-block\" class=\"wp-block-woocommerce-filled-cart-block\"><div data-block-name=\"woocommerce\/cart-items-block\" class=\"wp-block-woocommerce-cart-items-block\"><div data-block-name=\"woocommerce\/cart-line-items-block\" class=\"wp-block-woocommerce-cart-line-items-block\"><\/div>\n\n<div data-block-name=\"woocommerce\/cart-cross-sells-block\" class=\"wp-block-woocommerce-cart-cross-sells-block\">\n<h2 class=\"wp-block-heading has-large-font-size\">Mohlo by v\u00e1s zauj\u00edma\u0165&#8230;<\/h2>\n\n\n<div data-block-name=\"woocommerce\/cart-cross-sells-products-block\" class=\"wp-block-woocommerce-cart-cross-sells-products-block\"><\/div><\/div><\/div>\n\n<div data-block-name=\"woocommerce\/cart-totals-block\" class=\"wp-block-woocommerce-cart-totals-block\"><div data-block-name=\"woocommerce\/cart-order-summary-block\" class=\"wp-block-woocommerce-cart-order-summary-block\"><div data-block-name=\"woocommerce\/cart-order-summary-heading-block\" class=\"wp-block-woocommerce-cart-order-summary-heading-block\"><\/div><div data-block-name=\"woocommerce\/cart-order-summary-coupon-form-block\" class=\"wp-block-woocommerce-cart-order-summary-coupon-form-block\"><\/div><div data-block-name=\"woocommerce\/cart-order-summary-totals-block\" class=\"wp-block-woocommerce-cart-order-summary-totals-block\">\n<div data-block-name=\"woocommerce\/cart-order-summary-subtotal-block\" class=\"wp-block-woocommerce-cart-order-summary-subtotal-block\"><\/div>\n<div data-block-name=\"woocommerce\/cart-order-summary-discount-block\" class=\"wp-block-woocommerce-cart-order-summary-discount-block\"><\/div>\n<div data-block-name=\"woocommerce\/cart-order-summary-fee-block\" class=\"wp-block-woocommerce-cart-order-summary-fee-block\"><\/div>\n<div data-block-name=\"woocommerce\/cart-order-summary-shipping-block\" class=\"wp-block-woocommerce-cart-order-summary-shipping-block\"><\/div>\n<div data-block-name=\"woocommerce\/cart-order-summary-taxes-block\" class=\"wp-block-woocommerce-cart-order-summary-taxes-block\"><\/div><\/div><\/div>\n\n<div data-block-name=\"woocommerce\/cart-express-payment-block\" class=\"wp-block-woocommerce-cart-express-payment-block\"><\/div>\n\n<div data-block-name=\"woocommerce\/proceed-to-checkout-block\" class=\"wp-block-woocommerce-proceed-to-checkout-block\"><\/div>\n\n<div data-block-name=\"woocommerce\/cart-accepted-payment-methods-block\" class=\"wp-block-woocommerce-cart-accepted-payment-methods-block\"><\/div><\/div><\/div>\n\n<div data-block-name=\"woocommerce\/empty-cart-block\" class=\"wp-block-woocommerce-empty-cart-block\">\n<h2 class=\"wp-block-heading has-text-align-center with-empty-cart-icon wc-block-cart__empty-cart__title\">V\u00e1\u0161 ko\u0161\u00edk je moment\u00e1lne pr\u00e1zdny!<\/h2>\n\n\n\n<hr class=\"wp-block-separator has-alpha-channel-opacity is-style-dots\"\/>\n\n\n\n<h2 class=\"wp-block-heading has-text-align-center\">Novinky v obchode<\/h2>\n\n\n<div data-block-name=\"woocommerce\/product-new\" data-columns=\"4\" data-rows=\"1\" class=\"wc-block-grid wp-block-product-new wc-block-product-new has-4-columns\"><ul class=\"wc-block-grid__products\"><li class=\"wc-block-grid__product\">\n\t\t\t\t<a href=\"https:\/\/www.discoverslovakia.bike\/en_gb\/produkt\/brakes\/\" class=\"wc-block-grid__product-link\">\n\t\t\t\t\t\n\t\t\t\t\t<div class=\"wc-block-grid__product-image\"><img loading=\"lazy\" decoding=\"async\" width=\"300\" height=\"300\" src=\"https:\/\/www.discoverslovakia.bike\/wp-content\/uploads\/2018\/02\/shop-img-13-300x300.jpg\" class=\"attachment-woocommerce_thumbnail size-woocommerce_thumbnail\" alt=\"f\" srcset=\"https:\/\/www.discoverslovakia.bike\/wp-content\/uploads\/2018\/02\/shop-img-13-300x300.jpg 300w, https:\/\/www.discoverslovakia.bike\/wp-content\/uploads\/2018\/02\/shop-img-13-100x100.jpg 100w, https:\/\/www.discoverslovakia.bike\/wp-content\/uploads\/2018\/02\/shop-img-13-150x150.jpg 150w, https:\/\/www.discoverslovakia.bike\/wp-content\/uploads\/2018\/02\/shop-img-13-550x550.jpg 550w\" sizes=\"auto, (max-width: 300px) 100vw, 300px\" \/><\/div>\n\t\t\t\t\t<div class=\"wc-block-grid__product-title\">Brakes<\/div>\n\t\t\t\t<\/a>\n\t\t\t\t<div class=\"wc-block-grid__product-price price\"><span class=\"woocommerce-Price-amount amount\"><span class=\"woocommerce-Price-currencySymbol\">&#036;<\/span>78.00<\/span><\/div>\n\t\t\t\t\n\t\t\t\t<div class=\"wp-block-button wc-block-grid__product-add-to-cart\"><a href=\"?add-to-cart=400\" aria-label=\"Add to cart: &ldquo;Brakes&rdquo;\" data-quantity=\"1\" data-product_id=\"400\" data-product_sku=\"12\" data-price=\"78\" rel=\"nofollow\" class=\"wp-block-button__link  add_to_cart_button ajax_add_to_cart\">Add to cart<\/a><\/div>\n\t\t\t<\/li><li class=\"wc-block-grid__product\">\n\t\t\t\t<a href=\"https:\/\/www.discoverslovakia.bike\/en_gb\/produkt\/snowboard\/\" class=\"wc-block-grid__product-link\">\n\t\t\t\t\t\n\t\t\t\t\t<div class=\"wc-block-grid__product-image\"><img loading=\"lazy\" decoding=\"async\" width=\"300\" height=\"300\" src=\"https:\/\/www.discoverslovakia.bike\/wp-content\/uploads\/2018\/02\/shop-img-12-300x300.jpg\" class=\"attachment-woocommerce_thumbnail size-woocommerce_thumbnail\" alt=\"f\" srcset=\"https:\/\/www.discoverslovakia.bike\/wp-content\/uploads\/2018\/02\/shop-img-12-300x300.jpg 300w, https:\/\/www.discoverslovakia.bike\/wp-content\/uploads\/2018\/02\/shop-img-12-100x100.jpg 100w, https:\/\/www.discoverslovakia.bike\/wp-content\/uploads\/2018\/02\/shop-img-12-150x150.jpg 150w, https:\/\/www.discoverslovakia.bike\/wp-content\/uploads\/2018\/02\/shop-img-12-550x550.jpg 550w\" sizes=\"auto, (max-width: 300px) 100vw, 300px\" \/><\/div>\n\t\t\t\t\t<div class=\"wc-block-grid__product-title\">Snowboard<\/div>\n\t\t\t\t<\/a>\n\t\t\t\t<div class=\"wc-block-grid__product-price price\"><span class=\"woocommerce-Price-amount amount\"><span class=\"woocommerce-Price-currencySymbol\">&#036;<\/span>260.00<\/span><\/div>\n\t\t\t\t\n\t\t\t\t<div class=\"wp-block-button wc-block-grid__product-add-to-cart\"><a href=\"?add-to-cart=397\" aria-label=\"Add to cart: &ldquo;Snowboard&rdquo;\" data-quantity=\"1\" data-product_id=\"397\" data-product_sku=\"10\" data-price=\"260\" rel=\"nofollow\" class=\"wp-block-button__link  add_to_cart_button ajax_add_to_cart\">Add to cart<\/a><\/div>\n\t\t\t<\/li><li class=\"wc-block-grid__product\">\n\t\t\t\t<a href=\"https:\/\/www.discoverslovakia.bike\/en_gb\/produkt\/ski-glasses\/\" class=\"wc-block-grid__product-link\">\n\t\t\t\t\t\n\t\t\t\t\t<div class=\"wc-block-grid__product-image\"><img loading=\"lazy\" decoding=\"async\" width=\"300\" height=\"300\" src=\"https:\/\/www.discoverslovakia.bike\/wp-content\/uploads\/2018\/02\/shop-img-11-300x300.jpg\" class=\"attachment-woocommerce_thumbnail size-woocommerce_thumbnail\" alt=\"k\" srcset=\"https:\/\/www.discoverslovakia.bike\/wp-content\/uploads\/2018\/02\/shop-img-11-300x300.jpg 300w, https:\/\/www.discoverslovakia.bike\/wp-content\/uploads\/2018\/02\/shop-img-11-100x100.jpg 100w, https:\/\/www.discoverslovakia.bike\/wp-content\/uploads\/2018\/02\/shop-img-11-150x150.jpg 150w, https:\/\/www.discoverslovakia.bike\/wp-content\/uploads\/2018\/02\/shop-img-11-550x550.jpg 550w\" sizes=\"auto, (max-width: 300px) 100vw, 300px\" \/><\/div>\n\t\t\t\t\t<div class=\"wc-block-grid__product-title\">Ski Glasses<\/div>\n\t\t\t\t<\/a>\n\t\t\t\t<div class=\"wc-block-grid__product-price price\"><span class=\"woocommerce-Price-amount amount\"><span class=\"woocommerce-Price-currencySymbol\">&#036;<\/span>78.00<\/span><\/div>\n\t\t\t\t\n\t\t\t\t<div class=\"wp-block-button wc-block-grid__product-add-to-cart\"><a href=\"?add-to-cart=395\" aria-label=\"Add to cart: &ldquo;Ski Glasses&rdquo;\" data-quantity=\"1\" data-product_id=\"395\" data-product_sku=\"09\" data-price=\"78\" rel=\"nofollow\" class=\"wp-block-button__link  add_to_cart_button ajax_add_to_cart\">Add to cart<\/a><\/div>\n\t\t\t<\/li><li class=\"wc-block-grid__product\">\n\t\t\t\t<a href=\"https:\/\/www.discoverslovakia.bike\/en_gb\/produkt\/blue-surfboard\/\" class=\"wc-block-grid__product-link\">\n\t\t\t\t\t\n\t\t\t\t\t<div class=\"wc-block-grid__product-image\"><img loading=\"lazy\" decoding=\"async\" width=\"300\" height=\"300\" src=\"https:\/\/www.discoverslovakia.bike\/wp-content\/uploads\/2018\/02\/shop-img-10-300x300.jpg\" class=\"attachment-woocommerce_thumbnail size-woocommerce_thumbnail\" alt=\"k\" srcset=\"https:\/\/www.discoverslovakia.bike\/wp-content\/uploads\/2018\/02\/shop-img-10-300x300.jpg 300w, https:\/\/www.discoverslovakia.bike\/wp-content\/uploads\/2018\/02\/shop-img-10-100x100.jpg 100w, https:\/\/www.discoverslovakia.bike\/wp-content\/uploads\/2018\/02\/shop-img-10-150x150.jpg 150w, https:\/\/www.discoverslovakia.bike\/wp-content\/uploads\/2018\/02\/shop-img-10-550x550.jpg 550w\" sizes=\"auto, (max-width: 300px) 100vw, 300px\" \/><\/div>\n\t\t\t\t\t<div class=\"wc-block-grid__product-title\">Blue Surfboard<\/div>\n\t\t\t\t<\/a>\n\t\t\t\t<div class=\"wc-block-grid__product-price price\"><span class=\"woocommerce-Price-amount amount\"><span class=\"woocommerce-Price-currencySymbol\">&#036;<\/span>260.00<\/span><\/div>\n\t\t\t\t\n\t\t\t\t<div class=\"wp-block-button wc-block-grid__product-add-to-cart\"><a href=\"?add-to-cart=392\" aria-label=\"Add to cart: &ldquo;Blue Surfboard&rdquo;\" data-quantity=\"1\" data-product_id=\"392\" data-product_sku=\"08\" data-price=\"260\" rel=\"nofollow\" class=\"wp-block-button__link  add_to_cart_button ajax_add_to_cart\">Add to cart<\/a><\/div>\n\t\t\t<\/li><\/ul><\/div><\/div><\/div>","protected":false},"excerpt":{"rendered":"Mohlo by v\u00e1s zauj\u00edma\u0165... V\u00e1\u0161 ko\u0161\u00edk je moment\u00e1lne pr\u00e1zdny! Novinky v obchode","protected":false},"author":1,"featured_media":0,"parent":0,"menu_order":0,"comment_status":"closed","ping_status":"closed","template":"","meta":{"footnotes":""},"class_list":["post-20","page","type-page","status-publish","hentry"],"_links":{"self":[{"href":"https:\/\/www.discoverslovakia.bike\/en_gb\/wp-json\/wp\/v2\/pages\/20","targetHints":{"allow":["GET"]}}],"collection":[{"href":"https:\/\/www.discoverslovakia.bike\/en_gb\/wp-json\/wp\/v2\/pages"}],"about":[{"href":"https:\/\/www.discoverslovakia.bike\/en_gb\/wp-json\/wp\/v2\/types\/page"}],"author":[{"embeddable":true,"href":"https:\/\/www.discoverslovakia.bike\/en_gb\/wp-json\/wp\/v2\/users\/1"}],"replies":[{"embeddable":true,"href":"https:\/\/www.discoverslovakia.bike\/en_gb\/wp-json\/wp\/v2\/comments?post=20"}],"version-history":[{"count":0,"href":"https:\/\/www.discoverslovakia.bike\/en_gb\/wp-json\/wp\/v2\/pages\/20\/revisions"}],"wp:attachment":[{"href":"https:\/\/www.discoverslovakia.bike\/en_gb\/wp-json\/wp\/v2\/media?parent=20"}],"curies":[{"name":"wp","href":"https:\/\/api.w.org\/{rel}","templated":true}]}}